{"id":10,"date":"2023-12-19T16:08:04","date_gmt":"2023-12-19T15:08:04","guid":{"rendered":"https:\/\/hosting2179749.online.pro\/autoinstalator\/wordpress2\/?page_id=10"},"modified":"2024-04-21T21:56:56","modified_gmt":"2024-04-21T19:56:56","slug":"portofolio","status":"publish","type":"page","link":"https:\/\/hosting1713687819.freekru.pl\/index.php\/portofolio\/","title":{"rendered":"Portofolio"},"content":{"rendered":"\n<div class=\"wp-block-cover alignfull is-light\" style=\"min-height:300px;aspect-ratio:unset;\"><span aria-hidden=\"true\" class=\"wp-block-cover__background has-nv-site-bg-background-color has-background-dim-100 has-background-dim\"><\/span><div class=\"wp-block-cover__inner-container is-layout-flow wp-block-cover-is-layout-flow\">\n<div class=\"wp-block-group\"><div class=\"wp-block-group__inner-container is-layout-flow wp-block-group-is-layout-flow\">\n<h1 class=\"wp-block-heading has-text-align-left has-neve-text-color-color has-text-color\">Portfolio<\/h1>\n<\/div><\/div>\n<\/div><\/div>\n\n\n\n<div class=\"wp-block-cover alignfull is-light\" style=\"min-height:600px;aspect-ratio:unset;\"><span aria-hidden=\"true\" class=\"wp-block-cover__background has-nv-light-bg-background-color has-background-dim-100 has-background-dim\"><\/span><div class=\"wp-block-cover__inner-container is-layout-flow wp-block-cover-is-layout-flow\">\n<div class=\"wp-block-group\"><div class=\"wp-block-group__inner-container is-layout-flow wp-block-group-is-layout-flow\">\n<div class=\"wp-block-columns are-vertically-aligned-center is-layout-flex wp-container-core-columns-is-layout-9d6595d7 wp-block-columns-is-layout-flex\">\n<div class=\"wp-block-column is-vertically-aligned-center is-layout-flow wp-block-column-is-layout-flow\" style=\"flex-basis:50%\"><div class=\"wp-block-image\">\n<figure class=\"aligncenter size-large is-resized\"><img loading=\"lazy\" decoding=\"async\" width=\"1024\" height=\"848\" src=\"https:\/\/hosting1713687819.freekru.pl\/wp-content\/uploads\/2024\/04\/WhatsApp-Image-2024-04-21-at-21.20.27-1024x848.jpeg\" alt=\"\" class=\"wp-image-92\" style=\"width:384px;height:auto\" srcset=\"https:\/\/hosting1713687819.freekru.pl\/wp-content\/uploads\/2024\/04\/WhatsApp-Image-2024-04-21-at-21.20.27-1024x848.jpeg 1024w, https:\/\/hosting1713687819.freekru.pl\/wp-content\/uploads\/2024\/04\/WhatsApp-Image-2024-04-21-at-21.20.27-300x249.jpeg 300w, https:\/\/hosting1713687819.freekru.pl\/wp-content\/uploads\/2024\/04\/WhatsApp-Image-2024-04-21-at-21.20.27-768x636.jpeg 768w, https:\/\/hosting1713687819.freekru.pl\/wp-content\/uploads\/2024\/04\/WhatsApp-Image-2024-04-21-at-21.20.27.jpeg 1196w\" sizes=\"auto, (max-width: 1024px) 100vw, 1024px\" \/><\/figure>\n<\/div>\n\n\n<h3 class=\"wp-block-heading has-text-align-center has-neve-text-color-color has-text-color\">Lampa w stylu loftowym<\/h3>\n\n\n\n<p class=\"has-text-align-center has-neve-text-color-color has-text-color\">Na zam\u00f3wienie Klientki powsta\u0142a lampa<br>podwieszana z drewnianej belki.<\/p>\n\n\n\n<div class=\"wp-block-buttons is-content-justification-center is-layout-flex wp-container-core-buttons-is-layout-16018d1d wp-block-buttons-is-layout-flex\">\n<div class=\"wp-block-button is-style-primary\"><a class=\"wp-block-button__link wp-element-button\" href=\"#\">PROJECT DETAILS<\/a><\/div>\n<\/div>\n<\/div>\n\n\n\n<div class=\"wp-block-column is-vertically-aligned-center is-layout-flow wp-block-column-is-layout-flow\" style=\"flex-basis:50%\"><div class=\"wp-block-image\">\n<figure class=\"aligncenter size-large is-resized\"><img loading=\"lazy\" decoding=\"async\" width=\"660\" height=\"1024\" src=\"https:\/\/hosting1713687819.freekru.pl\/wp-content\/uploads\/2024\/04\/WhatsApp-Image-2024-04-21-at-21.20.29-1-660x1024.jpeg\" alt=\"\" class=\"wp-image-93\" style=\"width:205px;height:auto\" srcset=\"https:\/\/hosting1713687819.freekru.pl\/wp-content\/uploads\/2024\/04\/WhatsApp-Image-2024-04-21-at-21.20.29-1-660x1024.jpeg 660w, https:\/\/hosting1713687819.freekru.pl\/wp-content\/uploads\/2024\/04\/WhatsApp-Image-2024-04-21-at-21.20.29-1-193x300.jpeg 193w, https:\/\/hosting1713687819.freekru.pl\/wp-content\/uploads\/2024\/04\/WhatsApp-Image-2024-04-21-at-21.20.29-1-768x1192.jpeg 768w, https:\/\/hosting1713687819.freekru.pl\/wp-content\/uploads\/2024\/04\/WhatsApp-Image-2024-04-21-at-21.20.29-1-990x1536.jpeg 990w, https:\/\/hosting1713687819.freekru.pl\/wp-content\/uploads\/2024\/04\/WhatsApp-Image-2024-04-21-at-21.20.29-1.jpeg 999w\" sizes=\"auto, (max-width: 660px) 100vw, 660px\" \/><\/figure>\n<\/div>\n\n\n<h3 class=\"wp-block-heading has-text-align-center has-neve-text-color-color has-text-color\">Drewniany stojak na no\u017ce<\/h3>\n\n\n\n<p class=\"has-text-align-center has-neve-text-color-color has-text-color\">Tym razem niewielki akcent kuchenny,<br>kt\u00f3ry porz\u0105dkuje przestrze\u0144.<\/p>\n\n\n\n<div class=\"wp-block-buttons is-content-justification-center is-layout-flex wp-container-core-buttons-is-layout-16018d1d wp-block-buttons-is-layout-flex\">\n<div class=\"wp-block-button is-style-primary\"><a class=\"wp-block-button__link wp-element-button\" href=\"#\">PROJECT DETAILS<\/a><\/div>\n<\/div>\n<\/div>\n<\/div>\n<\/div><\/div>\n<\/div><\/div>\n\n\n\n<p><\/p>\n\n\n\n<div class=\"wp-block-cover alignfull is-light\" style=\"min-height:768px;aspect-ratio:unset;\"><span aria-hidden=\"true\" class=\"wp-block-cover__background has-nv-site-bg-background-color has-background-dim-100 has-background-dim\"><\/span><div class=\"wp-block-cover__inner-container is-layout-flow wp-block-cover-is-layout-flow\">\n<div class=\"wp-block-group\"><div class=\"wp-block-group__inner-container is-layout-flow wp-block-group-is-layout-flow\">\n<div class=\"wp-block-columns are-vertically-aligned-center is-layout-flex wp-container-core-columns-is-layout-9d6595d7 wp-block-columns-is-layout-flex\">\n<div class=\"wp-block-column is-vertically-aligned-center is-layout-flow wp-block-column-is-layout-flow\" style=\"flex-basis:50%\"><div class=\"wp-block-image\">\n<figure class=\"aligncenter size-large is-resized\"><img loading=\"lazy\" decoding=\"async\" width=\"1024\" height=\"667\" src=\"https:\/\/hosting1713687819.freekru.pl\/wp-content\/uploads\/2024\/04\/WhatsApp-Image-2024-04-21-at-21.20.26-1024x667.jpeg\" alt=\"\" class=\"wp-image-100\" style=\"width:399px;height:auto\" srcset=\"https:\/\/hosting1713687819.freekru.pl\/wp-content\/uploads\/2024\/04\/WhatsApp-Image-2024-04-21-at-21.20.26-1024x667.jpeg 1024w, https:\/\/hosting1713687819.freekru.pl\/wp-content\/uploads\/2024\/04\/WhatsApp-Image-2024-04-21-at-21.20.26-300x195.jpeg 300w, https:\/\/hosting1713687819.freekru.pl\/wp-content\/uploads\/2024\/04\/WhatsApp-Image-2024-04-21-at-21.20.26-768x500.jpeg 768w, https:\/\/hosting1713687819.freekru.pl\/wp-content\/uploads\/2024\/04\/WhatsApp-Image-2024-04-21-at-21.20.26-1536x1001.jpeg 1536w, https:\/\/hosting1713687819.freekru.pl\/wp-content\/uploads\/2024\/04\/WhatsApp-Image-2024-04-21-at-21.20.26.jpeg 1598w\" sizes=\"auto, (max-width: 1024px) 100vw, 1024px\" \/><\/figure>\n<\/div>\n\n\n<h3 class=\"wp-block-heading has-text-align-center has-neve-text-color-color has-text-color\">Drewniana misa i pobijak<\/h3>\n\n\n\n<p class=\"has-text-align-center has-neve-text-color-color has-text-color\">Toczone w drewnie: misa i pobijak <br>z delikatnym motywem ozdobnym.<\/p>\n\n\n\n<div class=\"wp-block-buttons is-content-justification-center is-layout-flex wp-container-core-buttons-is-layout-16018d1d wp-block-buttons-is-layout-flex\">\n<div class=\"wp-block-button is-style-primary\"><a class=\"wp-block-button__link wp-element-button\" href=\"#\">PROJECT DETAILS<\/a><\/div>\n<\/div>\n<\/div>\n\n\n\n<div class=\"wp-block-column is-vertically-aligned-center is-layout-flow wp-block-column-is-layout-flow\" style=\"flex-basis:50%\"><div class=\"wp-block-image\">\n<figure class=\"aligncenter size-large is-resized\"><img loading=\"lazy\" decoding=\"async\" width=\"1024\" height=\"682\" src=\"https:\/\/hosting1713687819.freekru.pl\/wp-content\/uploads\/2024\/04\/WhatsApp-Image-2024-04-21-at-21.20.19-1024x682.jpeg\" alt=\"\" class=\"wp-image-101\" style=\"width:371px;height:auto\" srcset=\"https:\/\/hosting1713687819.freekru.pl\/wp-content\/uploads\/2024\/04\/WhatsApp-Image-2024-04-21-at-21.20.19-1024x682.jpeg 1024w, https:\/\/hosting1713687819.freekru.pl\/wp-content\/uploads\/2024\/04\/WhatsApp-Image-2024-04-21-at-21.20.19-300x200.jpeg 300w, https:\/\/hosting1713687819.freekru.pl\/wp-content\/uploads\/2024\/04\/WhatsApp-Image-2024-04-21-at-21.20.19-768x512.jpeg 768w, https:\/\/hosting1713687819.freekru.pl\/wp-content\/uploads\/2024\/04\/WhatsApp-Image-2024-04-21-at-21.20.19-1536x1023.jpeg 1536w, https:\/\/hosting1713687819.freekru.pl\/wp-content\/uploads\/2024\/04\/WhatsApp-Image-2024-04-21-at-21.20.19-930x620.jpeg 930w, https:\/\/hosting1713687819.freekru.pl\/wp-content\/uploads\/2024\/04\/WhatsApp-Image-2024-04-21-at-21.20.19.jpeg 1600w\" sizes=\"auto, (max-width: 1024px) 100vw, 1024px\" \/><\/figure>\n<\/div>\n\n\n<h3 class=\"wp-block-heading has-text-align-center has-neve-text-color-color has-text-color\">\u0141\u00f3\u017ceczko dzieci\u0119ce<\/h3>\n\n\n\n<p class=\"has-text-align-center has-neve-text-color-color has-text-color\">Na dobry sen dla Malucha: \u0142\u00f3\u017ceczko przygotowane na wymiar, <br>by zmie\u015bci\u0142o si\u0119 w niewielkiej przestrzeni.<\/p>\n\n\n\n<div class=\"wp-block-buttons is-content-justification-center is-layout-flex wp-container-core-buttons-is-layout-16018d1d wp-block-buttons-is-layout-flex\">\n<div class=\"wp-block-button is-style-primary\"><a class=\"wp-block-button__link wp-element-button\" href=\"#\">PROJECT DETAILS<\/a><\/div>\n<\/div>\n<\/div>\n<\/div>\n\n\n\n<div style=\"height:40px\" aria-hidden=\"true\" class=\"wp-block-spacer\"><\/div>\n<\/div><\/div>\n\n\n\n<div class=\"wp-block-cover alignfull is-light\" style=\"min-height:600px;aspect-ratio:unset;\"><span aria-hidden=\"true\" class=\"wp-block-cover__background has-nv-light-bg-background-color has-background-dim-100 has-background-dim\"><\/span><div class=\"wp-block-cover__inner-container is-layout-flow wp-block-cover-is-layout-flow\">\n<div class=\"wp-block-group\"><div class=\"wp-block-group__inner-container is-layout-flow wp-block-group-is-layout-flow\">\n<div class=\"wp-block-columns are-vertically-aligned-center is-layout-flex wp-container-core-columns-is-layout-9d6595d7 wp-block-columns-is-layout-flex\">\n<div class=\"wp-block-column is-vertically-aligned-center is-layout-flow wp-block-column-is-layout-flow\" style=\"flex-basis:50%\"><div class=\"wp-block-image\">\n<figure class=\"aligncenter size-large is-resized\"><img loading=\"lazy\" decoding=\"async\" width=\"1024\" height=\"1017\" src=\"https:\/\/hosting1713687819.freekru.pl\/wp-content\/uploads\/2024\/04\/WhatsApp-Image-2024-04-21-at-21.20.22-1024x1017.jpeg\" alt=\"\" class=\"wp-image-109\" style=\"width:384px;height:auto\" srcset=\"https:\/\/hosting1713687819.freekru.pl\/wp-content\/uploads\/2024\/04\/WhatsApp-Image-2024-04-21-at-21.20.22-1024x1017.jpeg 1024w, https:\/\/hosting1713687819.freekru.pl\/wp-content\/uploads\/2024\/04\/WhatsApp-Image-2024-04-21-at-21.20.22-300x298.jpeg 300w, https:\/\/hosting1713687819.freekru.pl\/wp-content\/uploads\/2024\/04\/WhatsApp-Image-2024-04-21-at-21.20.22-150x150.jpeg 150w, https:\/\/hosting1713687819.freekru.pl\/wp-content\/uploads\/2024\/04\/WhatsApp-Image-2024-04-21-at-21.20.22-768x762.jpeg 768w, https:\/\/hosting1713687819.freekru.pl\/wp-content\/uploads\/2024\/04\/WhatsApp-Image-2024-04-21-at-21.20.22.jpeg 1099w\" sizes=\"auto, (max-width: 1024px) 100vw, 1024px\" \/><\/figure>\n<\/div>\n\n\n<h3 class=\"wp-block-heading has-text-align-center has-neve-text-color-color has-text-color\">Przybornik krawiecki<\/h3>\n\n\n\n<p class=\"has-text-align-center has-neve-text-color-color has-text-color\">Drewniane pude\u0142eczko na drobiazgi do szycia <br>z pi\u0119knym motywem kwiatowym<\/p>\n\n\n\n<div class=\"wp-block-buttons is-content-justification-center is-layout-flex wp-container-core-buttons-is-layout-16018d1d wp-block-buttons-is-layout-flex\">\n<div class=\"wp-block-button is-style-primary\"><a class=\"wp-block-button__link wp-element-button\" href=\"#\">PROJECT DETAILS<\/a><\/div>\n<\/div>\n<\/div>\n<\/div>\n<\/div><\/div>\n<\/div><\/div>\n<\/div><\/div>\n\n\n\n<div class=\"wp-block-cover alignfull is-light\" style=\"min-height:300px;aspect-ratio:unset;\"><span aria-hidden=\"true\" class=\"wp-block-cover__background has-nv-dark-bg-background-color has-background-dim-100 has-background-dim\"><\/span><div class=\"wp-block-cover__inner-container is-layout-flow wp-block-cover-is-layout-flow\">\n<div style=\"height:57px\" aria-hidden=\"true\" class=\"wp-block-spacer\"><\/div>\n\n\n\n<h2 class=\"wp-block-heading has-text-align-center has-nv-text-dark-bg-color has-text-color\">Popracujmy razem nad Twoim nowym meblem!<\/h2>\n\n\n\n<p class=\"has-text-align-center has-medium-font-size\"><\/p>\n\n\n\n<div class=\"wp-block-buttons is-content-justification-center is-layout-flex wp-container-core-buttons-is-layout-16018d1d wp-block-buttons-is-layout-flex\">\n<div class=\"wp-block-button is-style-primary\"><a class=\"wp-block-button__link wp-element-button\" href=\"https:\/\/hosting1713687819.freekru.pl\/index.php\/kontakt\/\">KONTAKT<\/a><\/div>\n<\/div>\n\n\n\n<div style=\"height:49px\" aria-hidden=\"true\" class=\"wp-block-spacer\"><\/div>\n<\/div><\/div>\n","protected":false},"excerpt":{"rendered":"","protected":false},"author":1,"featured_media":0,"parent":0,"menu_order":0,"comment_status":"closed","ping_status":"closed","template":"","meta":{"neve_meta_sidebar":"","neve_meta_container":"","neve_meta_enable_content_width":"on","neve_meta_content_width":100,"neve_meta_title_alignment":"","neve_meta_author_avatar":"","neve_post_elements_order":"","neve_meta_disable_header":"","neve_meta_disable_footer":"","neve_meta_disable_title":"on","footnotes":""},"class_list":["post-10","page","type-page","status-publish","hentry"],"_links":{"self":[{"href":"https:\/\/hosting1713687819.freekru.pl\/index.php\/wp-json\/wp\/v2\/pages\/10","targetHints":{"allow":["GET"]}}],"collection":[{"href":"https:\/\/hosting1713687819.freekru.pl\/index.php\/wp-json\/wp\/v2\/pages"}],"about":[{"href":"https:\/\/hosting1713687819.freekru.pl\/index.php\/wp-json\/wp\/v2\/types\/page"}],"author":[{"embeddable":true,"href":"https:\/\/hosting1713687819.freekru.pl\/index.php\/wp-json\/wp\/v2\/users\/1"}],"replies":[{"embeddable":true,"href":"https:\/\/hosting1713687819.freekru.pl\/index.php\/wp-json\/wp\/v2\/comments?post=10"}],"version-history":[{"count":6,"href":"https:\/\/hosting1713687819.freekru.pl\/index.php\/wp-json\/wp\/v2\/pages\/10\/revisions"}],"predecessor-version":[{"id":110,"href":"https:\/\/hosting1713687819.freekru.pl\/index.php\/wp-json\/wp\/v2\/pages\/10\/revisions\/110"}],"wp:attachment":[{"href":"https:\/\/hosting1713687819.freekru.pl\/index.php\/wp-json\/wp\/v2\/media?parent=10"}],"curies":[{"name":"wp","href":"https:\/\/api.w.org\/{rel}","templated":true}]}}