{"id":7,"date":"2023-12-19T16:08:04","date_gmt":"2023-12-19T15:08:04","guid":{"rendered":"https:\/\/hosting2179749.online.pro\/autoinstalator\/wordpress2\/?page_id=7"},"modified":"2024-04-21T21:52:48","modified_gmt":"2024-04-21T19:52:48","slug":"strona-glowna","status":"publish","type":"page","link":"https:\/\/hosting1713687819.freekru.pl\/","title":{"rendered":"Strona g\u0142\u00f3wna"},"content":{"rendered":"\n<div class=\"wp-block-cover alignfull is-light\" style=\"min-height:564px;aspect-ratio:unset;\"><span aria-hidden=\"true\" class=\"wp-block-cover__background has-background-dim-0 has-background-dim\"><\/span><img loading=\"lazy\" decoding=\"async\" width=\"2000\" height=\"1500\" class=\"wp-block-cover__image-background wp-image-34\" alt=\"\" src=\"https:\/\/hosting1713687819.freekru.pl\/wp-content\/uploads\/2023\/12\/Projekt-bez-nazwy-1-1.png\" data-object-fit=\"cover\" srcset=\"https:\/\/hosting1713687819.freekru.pl\/wp-content\/uploads\/2023\/12\/Projekt-bez-nazwy-1-1.png 2000w, https:\/\/hosting1713687819.freekru.pl\/wp-content\/uploads\/2023\/12\/Projekt-bez-nazwy-1-1-300x225.png 300w, https:\/\/hosting1713687819.freekru.pl\/wp-content\/uploads\/2023\/12\/Projekt-bez-nazwy-1-1-1024x768.png 1024w, https:\/\/hosting1713687819.freekru.pl\/wp-content\/uploads\/2023\/12\/Projekt-bez-nazwy-1-1-768x576.png 768w, https:\/\/hosting1713687819.freekru.pl\/wp-content\/uploads\/2023\/12\/Projekt-bez-nazwy-1-1-1536x1152.png 1536w\" sizes=\"auto, (max-width: 2000px) 100vw, 2000px\" \/><div class=\"wp-block-cover__inner-container is-layout-flow wp-block-cover-is-layout-flow\">\n<h1 class=\"wp-block-heading has-text-align-center has-text-color\" style=\"color:#4f4444\">Drewniane meble nadaj\u0105 przestrzeni dusz\u0119<\/h1>\n\n\n\n<p class=\"has-text-align-center has-text-color\" style=\"color:#121212;font-size:17px\">Pomog\u0119 sprawi\u0107, by miejsce, w kt\u00f3rym pracujesz lub odpoczywasz zyska\u0142o wyj\u0105tkowy charakter.<br>Stworz\u0119 meble, kt\u00f3re pokochasz.<\/p>\n\n\n\n<div class=\"wp-block-buttons is-content-justification-center is-layout-flex wp-container-core-buttons-is-layout-16018d1d wp-block-buttons-is-layout-flex\">\n<div class=\"wp-block-button is-style-primary\"><a class=\"wp-block-button__link wp-element-button\" href=\"https:\/\/hosting1713687819.freekru.pl\/index.php\/informacje\/\" target=\"_blank\" rel=\"noreferrer noopener\">OFERTA<\/a><\/div>\n\n\n\n<div class=\"wp-block-button is-style-secondary\"><a class=\"wp-block-button__link wp-element-button\" href=\"https:\/\/hosting1713687819.freekru.pl\/index.php\/kontakt\/\" target=\"_blank\" rel=\"noreferrer noopener\">KONTAKT<\/a><\/div>\n<\/div>\n\n\n\n<div style=\"height:80px\" aria-hidden=\"true\" class=\"wp-block-spacer\"><\/div>\n<\/div><\/div>\n\n\n\n<figure class=\"wp-block-image size-large\"><img loading=\"lazy\" decoding=\"async\" width=\"1024\" height=\"410\" src=\"https:\/\/hosting2179749.online.pro\/autoinstalator\/wordpress2\/wp-content\/uploads\/2024\/01\/baner-maly-1024x410.jpg\" alt=\"\" class=\"wp-image-40\" srcset=\"https:\/\/hosting1713687819.freekru.pl\/wp-content\/uploads\/2024\/01\/baner-maly-1024x410.jpg 1024w, https:\/\/hosting1713687819.freekru.pl\/wp-content\/uploads\/2024\/01\/baner-maly-300x120.jpg 300w, https:\/\/hosting1713687819.freekru.pl\/wp-content\/uploads\/2024\/01\/baner-maly-768x307.jpg 768w, https:\/\/hosting1713687819.freekru.pl\/wp-content\/uploads\/2024\/01\/baner-maly-1536x614.jpg 1536w, https:\/\/hosting1713687819.freekru.pl\/wp-content\/uploads\/2024\/01\/baner-maly-2048x819.jpg 2048w\" sizes=\"auto, (max-width: 1024px) 100vw, 1024px\" \/><\/figure>\n\n\n\n<div class=\"wp-block-columns is-layout-flex wp-container-core-columns-is-layout-9d6595d7 wp-block-columns-is-layout-flex\">\n<div class=\"wp-block-column is-layout-flow wp-block-column-is-layout-flow\"><div class=\"wp-block-image is-resized icon-style is-style-default\">\n<figure class=\"aligncenter\"><img decoding=\"async\" src=\"https:\/\/hosting2179749.online.pro\/autoinstalator\/wordpress2\/wp-content\/themes\/neve\/assets\/img\/starter-content\/icon-03.svg\" alt=\"\"\/><\/figure>\n<\/div>\n\n\n<div style=\"height:20px\" aria-hidden=\"true\" class=\"wp-block-spacer\"><\/div>\n\n\n\n<h3 class=\"wp-block-heading has-text-align-center has-neve-text-color-color has-text-color\">Zrealizowane projekty<\/h3>\n\n\n\n<p class=\"has-text-align-center\">Sprawd\u017a moje realizacje, zainspiruj si\u0119, poszukaj pomys\u0142u dla swojego mebla.<\/p>\n\n\n\n<div style=\"height:20px\" aria-hidden=\"true\" class=\"wp-block-spacer\"><\/div>\n<\/div>\n\n\n\n<div class=\"wp-block-column is-layout-flow wp-block-column-is-layout-flow\"><div class=\"wp-block-image is-resized icon-style is-style-default\">\n<figure class=\"aligncenter\"><img decoding=\"async\" src=\"https:\/\/hosting2179749.online.pro\/autoinstalator\/wordpress2\/wp-content\/themes\/neve\/assets\/img\/starter-content\/icon-02.svg\" alt=\"\"\/><\/figure>\n<\/div>\n\n\n<div style=\"height:20px\" aria-hidden=\"true\" class=\"wp-block-spacer\"><\/div>\n\n\n\n<h3 class=\"wp-block-heading has-text-align-center has-neve-text-color-color has-text-color\">Renowacja mebli<\/h3>\n\n\n\n<p class=\"has-text-align-center\">Rozdarta tapicerka? Uszkodzona powierzchnia? Starta farba? Odnowi\u0119 Tw\u00f3j mebel.<\/p>\n\n\n\n<div style=\"height:20px\" aria-hidden=\"true\" class=\"wp-block-spacer\"><\/div>\n<\/div>\n\n\n\n<div class=\"wp-block-column is-layout-flow wp-block-column-is-layout-flow\"><div class=\"wp-block-image is-resized icon-style is-style-rounded\">\n<figure class=\"aligncenter\"><img decoding=\"async\" src=\"https:\/\/hosting2179749.online.pro\/autoinstalator\/wordpress2\/wp-content\/themes\/neve\/assets\/img\/starter-content\/icon-01.svg\" alt=\"\"\/><\/figure>\n<\/div>\n\n\n<div style=\"height:20px\" aria-hidden=\"true\" class=\"wp-block-spacer\"><\/div>\n\n\n\n<h3 class=\"wp-block-heading has-text-align-center has-neve-text-color-color has-text-color\">Szkolenia<\/h3>\n\n\n\n<p class=\"has-text-align-center\">Naucz\u0119 Ci\u0119, jak nada\u0107 Twojemu meblowi drugie \u017cycie. Indywidualne szkolenia z renowacji mebli.<\/p>\n\n\n\n<div style=\"height:20px\" aria-hidden=\"true\" class=\"wp-block-spacer\"><\/div>\n<\/div>\n<\/div>\n\n\n\n<div class=\"wp-block-cover alignfull is-light\" style=\"min-height:600px;aspect-ratio:unset;\"><span aria-hidden=\"true\" class=\"wp-block-cover__background has-nv-site-bg-background-color has-background-dim-100 has-background-dim\"><\/span><div class=\"wp-block-cover__inner-container is-layout-flow wp-block-cover-is-layout-flow\">\n<div class=\"wp-block-group\"><div class=\"wp-block-group__inner-container is-layout-flow wp-block-group-is-layout-flow\">\n<div style=\"height:80px\" aria-hidden=\"true\" class=\"wp-block-spacer\"><\/div>\n\n\n\n<div class=\"wp-block-columns are-vertically-aligned-center is-layout-flex wp-container-core-columns-is-layout-9d6595d7 wp-block-columns-is-layout-flex\">\n<div class=\"wp-block-column is-vertically-aligned-center is-layout-flow wp-block-column-is-layout-flow\" style=\"flex-basis:50%\">\n<h2 class=\"wp-block-heading has-text-align-left has-neve-text-color-color has-text-color\">Marka Design by nature<\/h2>\n\n\n\n<p class=\"has-text-align-left has-neve-text-color-color has-text-color\" style=\"font-size:17px\">Wyj\u0105tkowe projekty, tworzone na zam\u00f3wienie, uwzgl\u0119dniaj\u0105ce indywidualne potrzeby Klienta.<\/p>\n\n\n\n<div class=\"wp-block-buttons is-content-justification-left is-layout-flex wp-container-core-buttons-is-layout-fdcfc74e wp-block-buttons-is-layout-flex\">\n<div class=\"wp-block-button is-style-primary\"><a class=\"wp-block-button__link wp-element-button\" href=\"https:\/\/hosting1713687819.freekru.pl\/index.php\/informacje\/\">SPRAWD\u0179<\/a><\/div>\n<\/div>\n\n\n\n<div style=\"height:40px\" aria-hidden=\"true\" class=\"wp-block-spacer\"><\/div>\n<\/div>\n\n\n\n<div class=\"wp-block-column is-vertically-aligned-center is-layout-flow wp-block-column-is-layout-flow\" style=\"flex-basis:50%\">\n<figure class=\"wp-block-image size-large\"><img loading=\"lazy\" decoding=\"async\" width=\"1024\" height=\"768\" src=\"https:\/\/hosting1713687819.freekru.pl\/wp-content\/uploads\/2023\/12\/Projekt-bez-nazwy-5-1024x768.png\" alt=\"\" class=\"wp-image-36\" srcset=\"https:\/\/hosting1713687819.freekru.pl\/wp-content\/uploads\/2023\/12\/Projekt-bez-nazwy-5-1024x768.png 1024w, https:\/\/hosting1713687819.freekru.pl\/wp-content\/uploads\/2023\/12\/Projekt-bez-nazwy-5-300x225.png 300w, https:\/\/hosting1713687819.freekru.pl\/wp-content\/uploads\/2023\/12\/Projekt-bez-nazwy-5-768x576.png 768w, https:\/\/hosting1713687819.freekru.pl\/wp-content\/uploads\/2023\/12\/Projekt-bez-nazwy-5-1536x1152.png 1536w, https:\/\/hosting1713687819.freekru.pl\/wp-content\/uploads\/2023\/12\/Projekt-bez-nazwy-5.png 2000w\" sizes=\"auto, (max-width: 1024px) 100vw, 1024px\" \/><\/figure>\n<\/div>\n<\/div>\n\n\n\n<div style=\"height:40px\" aria-hidden=\"true\" class=\"wp-block-spacer\"><\/div>\n<\/div><\/div>\n<\/div><\/div>\n\n\n\n<div class=\"wp-block-cover alignfull is-light\" style=\"min-height:600px;aspect-ratio:unset;\"><span aria-hidden=\"true\" class=\"wp-block-cover__background has-nv-dark-bg-background-color has-background-dim-100 has-background-dim\"><\/span><div class=\"wp-block-cover__inner-container is-layout-flow wp-block-cover-is-layout-flow\">\n<div class=\"wp-block-group\"><div class=\"wp-block-group__inner-container is-layout-flow wp-block-group-is-layout-flow\">\n<div style=\"height:80px\" aria-hidden=\"true\" class=\"wp-block-spacer\"><\/div>\n\n\n\n<div class=\"wp-block-columns are-vertically-aligned-center is-layout-flex wp-container-core-columns-is-layout-9d6595d7 wp-block-columns-is-layout-flex\">\n<div class=\"wp-block-column is-vertically-aligned-center is-layout-flow wp-block-column-is-layout-flow\" style=\"flex-basis:50%\">\n<figure class=\"wp-block-image size-large\"><img loading=\"lazy\" decoding=\"async\" width=\"1024\" height=\"768\" src=\"https:\/\/hosting1713687819.freekru.pl\/wp-content\/uploads\/2023\/12\/Projekt-bez-nazwy-6-1024x768.png\" alt=\"\" class=\"wp-image-37\" srcset=\"https:\/\/hosting1713687819.freekru.pl\/wp-content\/uploads\/2023\/12\/Projekt-bez-nazwy-6-1024x768.png 1024w, https:\/\/hosting1713687819.freekru.pl\/wp-content\/uploads\/2023\/12\/Projekt-bez-nazwy-6-300x225.png 300w, https:\/\/hosting1713687819.freekru.pl\/wp-content\/uploads\/2023\/12\/Projekt-bez-nazwy-6-768x576.png 768w, https:\/\/hosting1713687819.freekru.pl\/wp-content\/uploads\/2023\/12\/Projekt-bez-nazwy-6-1536x1152.png 1536w, https:\/\/hosting1713687819.freekru.pl\/wp-content\/uploads\/2023\/12\/Projekt-bez-nazwy-6.png 2000w\" sizes=\"auto, (max-width: 1024px) 100vw, 1024px\" \/><\/figure>\n<\/div>\n\n\n\n<div class=\"wp-block-column is-vertically-aligned-center is-layout-flow wp-block-column-is-layout-flow\" style=\"flex-basis:50%\">\n<div style=\"height:40px\" aria-hidden=\"true\" class=\"wp-block-spacer\"><\/div>\n\n\n\n<h2 class=\"wp-block-heading has-text-align-left has-nv-text-dark-bg-color has-text-color\">Czym si\u0119&nbsp;zajmuj\u0119?<\/h2>\n\n\n\n<p class=\"has-text-align-left has-nv-text-dark-bg-color has-text-color\" style=\"font-size:17px\">Tworz\u0119 meble z drewna palonego, meble bazuj\u0105ce na dawnych konstrukcjach z wykorzystaniem wizualizacji, element\u00f3w projektowania oraz wsp\u00f3\u0142czesnych wzor\u00f3w obiciowych<\/p>\n\n\n\n<div class=\"wp-block-buttons is-content-justification-left is-layout-flex wp-container-core-buttons-is-layout-fdcfc74e wp-block-buttons-is-layout-flex\">\n<div class=\"wp-block-button is-style-primary\"><a class=\"wp-block-button__link wp-element-button\" href=\"https:\/\/hosting1713687819.freekru.pl\/index.php\/portofolio\/\">SPRAWD\u0179<\/a><\/div>\n<\/div>\n<\/div>\n<\/div>\n\n\n\n<div style=\"height:40px\" aria-hidden=\"true\" class=\"wp-block-spacer\"><\/div>\n<\/div><\/div>\n<\/div><\/div>\n\n\n\n<div class=\"wp-block-cover alignfull is-light\" style=\"min-height:600px;aspect-ratio:unset;\"><span aria-hidden=\"true\" class=\"wp-block-cover__background has-nv-light-bg-background-color has-background-dim-100 has-background-dim\"><\/span><div class=\"wp-block-cover__inner-container is-layout-flow wp-block-cover-is-layout-flow\">\n<div class=\"wp-block-group\"><div class=\"wp-block-group__inner-container is-layout-flow wp-block-group-is-layout-flow\">\n<div style=\"height:80px\" aria-hidden=\"true\" class=\"wp-block-spacer\"><\/div>\n\n\n\n<div class=\"wp-block-columns are-vertically-aligned-center is-layout-flex wp-container-core-columns-is-layout-9d6595d7 wp-block-columns-is-layout-flex\">\n<div class=\"wp-block-column is-vertically-aligned-center is-layout-flow wp-block-column-is-layout-flow\" style=\"flex-basis:50%\">\n<div style=\"height:20px\" aria-hidden=\"true\" class=\"wp-block-spacer\"><\/div>\n\n\n\n<h2 class=\"wp-block-heading has-text-align-left has-neve-text-color-color has-text-color\">Blog<\/h2>\n\n\n\n<p class=\"has-text-align-left has-neve-text-color-color has-text-color\" style=\"font-size:17px\">Opowiem Ci o drewnie, swojej pracy, podziel\u0119 si\u0119 ciekawostkami i ciekawymi pomys\u0142ami na aran\u017cacj\u0119.<\/p>\n\n\n\n<div class=\"wp-block-buttons is-content-justification-left is-layout-flex wp-container-core-buttons-is-layout-fdcfc74e wp-block-buttons-is-layout-flex\">\n<div class=\"wp-block-button is-style-primary\"><a class=\"wp-block-button__link wp-element-button\" href=\"#\">CZYTAJ<\/a><\/div>\n<\/div>\n<\/div>\n\n\n\n<div class=\"wp-block-column is-vertically-aligned-center is-layout-flow wp-block-column-is-layout-flow\" style=\"flex-basis:50%\">\n<figure class=\"wp-block-image size-full\"><img loading=\"lazy\" decoding=\"async\" width=\"995\" height=\"664\" src=\"https:\/\/hosting1713687819.freekru.pl\/wp-content\/uploads\/2023\/12\/Projekt-bez-nazwy-4.png\" alt=\"\" class=\"wp-image-35\" srcset=\"https:\/\/hosting1713687819.freekru.pl\/wp-content\/uploads\/2023\/12\/Projekt-bez-nazwy-4.png 995w, https:\/\/hosting1713687819.freekru.pl\/wp-content\/uploads\/2023\/12\/Projekt-bez-nazwy-4-300x200.png 300w, https:\/\/hosting1713687819.freekru.pl\/wp-content\/uploads\/2023\/12\/Projekt-bez-nazwy-4-768x513.png 768w, https:\/\/hosting1713687819.freekru.pl\/wp-content\/uploads\/2023\/12\/Projekt-bez-nazwy-4-930x620.png 930w\" sizes=\"auto, (max-width: 995px) 100vw, 995px\" \/><\/figure>\n<\/div>\n<\/div>\n\n\n\n<div style=\"height:40px\" aria-hidden=\"true\" class=\"wp-block-spacer\"><\/div>\n<\/div><\/div>\n<\/div><\/div>\n\n\n\n<div style=\"height:40px\" aria-hidden=\"true\" class=\"wp-block-spacer\"><\/div>\n\n\n\n<div class=\"wp-block-cover alignfull is-light\" style=\"min-height:420px;aspect-ratio:unset;\"><span aria-hidden=\"true\" class=\"wp-block-cover__background has-nv-light-bg-background-color has-background-dim-100 has-background-dim\"><\/span><div class=\"wp-block-cover__inner-container is-layout-flow wp-block-cover-is-layout-flow\">\n<h2 class=\"wp-block-heading\">Opinie klient\u00f3w<\/h2>\n\n\n\n<div class=\"wp-block-columns is-layout-flex wp-container-core-columns-is-layout-9d6595d7 wp-block-columns-is-layout-flex\">\n<div class=\"wp-block-column is-layout-flow wp-block-column-is-layout-flow\">\n<div style=\"height:24px\" aria-hidden=\"true\" class=\"wp-block-spacer\"><\/div>\n\n\n\n<p class=\"has-text-align-left has-neve-text-color-color has-text-color has-normal-font-size\">\u201cPi\u0119kna lampa, wykonana w stylu loftowym, idealnie pasowa\u0142a do mojego wn\u0119trza\u201d<\/p>\n\n\n\n<p class=\"has-neve-text-color-color has-text-color\">Kasia<\/p>\n\n\n\n<div style=\"height:20px\" aria-hidden=\"true\" class=\"wp-block-spacer\"><\/div>\n<\/div>\n\n\n\n<div class=\"wp-block-column is-layout-flow wp-block-column-is-layout-flow\">\n<div style=\"height:24px\" aria-hidden=\"true\" class=\"wp-block-spacer\"><\/div>\n\n\n\n<p class=\"has-text-align-left has-neve-text-color-color has-text-color has-normal-font-size\">\u201cStary fotel &#8211; sentymentalna pami\u0105tka po Babci &#8211; dosta\u0142a drugie \u017cycie wraz z now\u0105&nbsp;tapicerk\u0105 w pi\u0119knym kolorze!&#8221;<\/p>\n\n\n\n<p class=\"has-neve-text-color-color has-text-color\">Agnieszka<\/p>\n\n\n\n<div style=\"height:20px\" aria-hidden=\"true\" class=\"wp-block-spacer\"><\/div>\n<\/div>\n\n\n\n<div class=\"wp-block-column is-layout-flow wp-block-column-is-layout-flow\">\n<div style=\"height:24px\" aria-hidden=\"true\" class=\"wp-block-spacer\"><\/div>\n\n\n\n<p class=\"has-text-align-left has-neve-text-color-color has-text-color has-normal-font-size\">\u201cSt\u00f3\u0142 wykonany na zam\u00f3wienie do mojego biura okaza\u0142&nbsp;si\u0119 by\u0107 strza\u0142em w 10! Prosty design, \u015bwietnie dobrany materia\u0142 kt\u00f3ry wprowadzi\u0142 do wn\u0119trza to co\u015b! Polecam!\u201d<\/p>\n\n\n\n<p class=\"has-neve-text-color-color has-text-color\">Tomek<\/p>\n\n\n\n<div style=\"height:20px\" aria-hidden=\"true\" class=\"wp-block-spacer\"><\/div>\n<\/div>\n<\/div>\n\n\n\n<div style=\"height:30px\" aria-hidden=\"true\" class=\"wp-block-spacer\"><\/div>\n<\/div><\/div>\n\n\n\n<div class=\"wp-block-cover alignfull is-light\" style=\"min-height:300px;aspect-ratio:unset;\"><span aria-hidden=\"true\" class=\"wp-block-cover__background has-nv-dark-bg-background-color has-background-dim-100 has-background-dim\"><\/span><div class=\"wp-block-cover__inner-container is-layout-flow wp-block-cover-is-layout-flow\">\n<div style=\"height:57px\" aria-hidden=\"true\" class=\"wp-block-spacer\"><\/div>\n\n\n\n<h2 class=\"wp-block-heading has-text-align-center has-nv-text-dark-bg-color has-text-color\">Popracujmy razem nad Twoim nowym meblem!<\/h2>\n\n\n\n<p class=\"has-text-align-center has-medium-font-size\"><\/p>\n\n\n\n<div class=\"wp-block-buttons is-content-justification-center is-layout-flex wp-container-core-buttons-is-layout-16018d1d wp-block-buttons-is-layout-flex\">\n<div class=\"wp-block-button is-style-primary\"><a class=\"wp-block-button__link wp-element-button\" href=\"https:\/\/hosting1713687819.freekru.pl\/index.php\/kontakt\/\">KONTAKT<\/a><\/div>\n<\/div>\n\n\n\n<div style=\"height:49px\" aria-hidden=\"true\" class=\"wp-block-spacer\"><\/div>\n<\/div><\/div>\n","protected":false},"excerpt":{"rendered":"<p>Zrealizowane projekty Sprawd\u017a moje realizacje, zainspiruj si\u0119, poszukaj pomys\u0142u dla swojego mebla. Renowacja mebli Rozdarta tapicerka? Uszkodzona powierzchnia? Starta farba? Odnowi\u0119 Tw\u00f3j mebel. Szkolenia Naucz\u0119 Ci\u0119, jak nada\u0107 Twojemu meblowi drugie \u017cycie. Indywidualne szkolenia z renowacji mebli.<\/p>\n","protected":false},"author":1,"featured_media":0,"parent":0,"menu_order":0,"comment_status":"closed","ping_status":"closed","template":"","meta":{"neve_meta_sidebar":"","neve_meta_container":"","neve_meta_enable_content_width":"on","neve_meta_content_width":100,"neve_meta_title_alignment":"","neve_meta_author_avatar":"","neve_post_elements_order":"","neve_meta_disable_header":"","neve_meta_disable_footer":"","neve_meta_disable_title":"on","footnotes":""},"class_list":["post-7","page","type-page","status-publish","hentry"],"_links":{"self":[{"href":"https:\/\/hosting1713687819.freekru.pl\/index.php\/wp-json\/wp\/v2\/pages\/7","targetHints":{"allow":["GET"]}}],"collection":[{"href":"https:\/\/hosting1713687819.freekru.pl\/index.php\/wp-json\/wp\/v2\/pages"}],"about":[{"href":"https:\/\/hosting1713687819.freekru.pl\/index.php\/wp-json\/wp\/v2\/types\/page"}],"author":[{"embeddable":true,"href":"https:\/\/hosting1713687819.freekru.pl\/index.php\/wp-json\/wp\/v2\/users\/1"}],"replies":[{"embeddable":true,"href":"https:\/\/hosting1713687819.freekru.pl\/index.php\/wp-json\/wp\/v2\/comments?post=7"}],"version-history":[{"count":22,"href":"https:\/\/hosting1713687819.freekru.pl\/index.php\/wp-json\/wp\/v2\/pages\/7\/revisions"}],"predecessor-version":[{"id":105,"href":"https:\/\/hosting1713687819.freekru.pl\/index.php\/wp-json\/wp\/v2\/pages\/7\/revisions\/105"}],"wp:attachment":[{"href":"https:\/\/hosting1713687819.freekru.pl\/index.php\/wp-json\/wp\/v2\/media?parent=7"}],"curies":[{"name":"wp","href":"https:\/\/api.w.org\/{rel}","templated":true}]}}