{"id":8,"date":"2023-12-19T16:08:04","date_gmt":"2023-12-19T15:08:04","guid":{"rendered":"https:\/\/hosting2179749.online.pro\/autoinstalator\/wordpress2\/?page_id=8"},"modified":"2024-01-29T19:12:13","modified_gmt":"2024-01-29T18:12:13","slug":"informacje","status":"publish","type":"page","link":"https:\/\/hosting1713687819.freekru.pl\/index.php\/informacje\/","title":{"rendered":"Oferta"},"content":{"rendered":"\n<div class=\"wp-block-cover alignfull is-light\" style=\"min-height:131px;aspect-ratio:unset;\"><span aria-hidden=\"true\" class=\"wp-block-cover__background has-nv-site-bg-background-color has-background-dim-100 has-background-dim\"><\/span><div class=\"wp-block-cover__inner-container is-layout-flow wp-block-cover-is-layout-flow\">\n<div class=\"wp-block-group\"><div class=\"wp-block-group__inner-container is-layout-flow wp-block-group-is-layout-flow\">\n<h1 class=\"wp-block-heading has-text-align-left has-neve-text-color-color has-text-color\">Oferta<\/h1>\n<\/div><\/div>\n<\/div><\/div>\n\n\n\n<div class=\"wp-block-cover alignfull is-light\" style=\"min-height:600px;aspect-ratio:unset;\"><span aria-hidden=\"true\" class=\"wp-block-cover__background has-nv-light-bg-background-color has-background-dim-100 has-background-dim\"><\/span><div class=\"wp-block-cover__inner-container is-layout-flow wp-block-cover-is-layout-flow\">\n<div class=\"wp-block-group\"><div class=\"wp-block-group__inner-container is-layout-flow wp-block-group-is-layout-flow\">\n<div class=\"wp-block-columns are-vertically-aligned-center is-layout-flex wp-container-core-columns-is-layout-9d6595d7 wp-block-columns-is-layout-flex\">\n<div class=\"wp-block-column is-vertically-aligned-center is-layout-flow wp-block-column-is-layout-flow\" style=\"flex-basis:50%\">\n<ul class=\"wp-block-list\">\n<li>produkcja galanterii drzewnej, mebli i konstrukcji na zam\u00f3wienie i pod wymiar<\/li>\n\n\n\n<li>wykonywanie mebli z drewna palonego (zabezpieczanego\u00a0m.in. \u017cywic\u0105 epoksydow\u0105)<\/li>\n\n\n\n<li>renowacja mebli<\/li>\n\n\n\n<li>produkcja mebli bazuj\u0105cych na dawnych konstrukcjach z wykorzystaniem wsp\u00f3\u0142czesnych wzor\u00f3w obiciowych<\/li>\n<\/ul>\n\n\n\n<p>W ramach moich prac mog\u0119 przygotowywa\u0107 wizualizacje i elementy projekt\u00f3w przed wykonaniem gotowego produktu.<\/p>\n<\/div>\n\n\n\n<div class=\"wp-block-column is-vertically-aligned-center is-layout-flow wp-block-column-is-layout-flow\" style=\"flex-basis:50%\"><div class=\"wp-block-image size-large\">\n<figure class=\"alignright size-full is-resized\"><img loading=\"lazy\" decoding=\"async\" width=\"677\" height=\"677\" src=\"https:\/\/hosting2179749.online.pro\/autoinstalator\/wordpress2\/wp-content\/uploads\/2023\/12\/Projekt-bez-nazwy-1-edited.png\" alt=\"\" class=\"wp-image-31\" style=\"width:452px;height:auto\" srcset=\"https:\/\/hosting1713687819.freekru.pl\/wp-content\/uploads\/2023\/12\/Projekt-bez-nazwy-1-edited.png 677w, https:\/\/hosting1713687819.freekru.pl\/wp-content\/uploads\/2023\/12\/Projekt-bez-nazwy-1-edited-300x300.png 300w, https:\/\/hosting1713687819.freekru.pl\/wp-content\/uploads\/2023\/12\/Projekt-bez-nazwy-1-edited-150x150.png 150w\" sizes=\"auto, (max-width: 677px) 100vw, 677px\" \/><\/figure>\n<\/div><\/div>\n<\/div>\n\n\n\n<div style=\"height:0px\" aria-hidden=\"true\" class=\"wp-block-spacer\"><\/div>\n<\/div><\/div>\n<\/div><\/div>\n","protected":false},"excerpt":{"rendered":"","protected":false},"author":1,"featured_media":0,"parent":0,"menu_order":0,"comment_status":"closed","ping_status":"closed","template":"","meta":{"neve_meta_sidebar":"","neve_meta_container":"","neve_meta_enable_content_width":"on","neve_meta_content_width":100,"neve_meta_title_alignment":"","neve_meta_author_avatar":"","neve_post_elements_order":"","neve_meta_disable_header":"","neve_meta_disable_footer":"","neve_meta_disable_title":"on","footnotes":""},"class_list":["post-8","page","type-page","status-publish","hentry"],"_links":{"self":[{"href":"https:\/\/hosting1713687819.freekru.pl\/index.php\/wp-json\/wp\/v2\/pages\/8","targetHints":{"allow":["GET"]}}],"collection":[{"href":"https:\/\/hosting1713687819.freekru.pl\/index.php\/wp-json\/wp\/v2\/pages"}],"about":[{"href":"https:\/\/hosting1713687819.freekru.pl\/index.php\/wp-json\/wp\/v2\/types\/page"}],"author":[{"embeddable":true,"href":"https:\/\/hosting1713687819.freekru.pl\/index.php\/wp-json\/wp\/v2\/users\/1"}],"replies":[{"embeddable":true,"href":"https:\/\/hosting1713687819.freekru.pl\/index.php\/wp-json\/wp\/v2\/comments?post=8"}],"version-history":[{"count":9,"href":"https:\/\/hosting1713687819.freekru.pl\/index.php\/wp-json\/wp\/v2\/pages\/8\/revisions"}],"predecessor-version":[{"id":60,"href":"https:\/\/hosting1713687819.freekru.pl\/index.php\/wp-json\/wp\/v2\/pages\/8\/revisions\/60"}],"wp:attachment":[{"href":"https:\/\/hosting1713687819.freekru.pl\/index.php\/wp-json\/wp\/v2\/media?parent=8"}],"curies":[{"name":"wp","href":"https:\/\/api.w.org\/{rel}","templated":true}]}}